{"id":2454,"date":"2024-01-16T14:24:43","date_gmt":"2024-01-16T13:24:43","guid":{"rendered":"https:\/\/epayspace.com\/?page_id=2454"},"modified":"2024-03-21T17:53:43","modified_gmt":"2024-03-21T16:53:43","slug":"corporate","status":"publish","type":"page","link":"https:\/\/epayspace.com\/fr\/industries\/corporate\/","title":{"rendered":"Secteur priv\u00e9 et environnement corporate"},"content":{"rendered":"\n<div class=\"wp-block-uagb-container uagb-block-4cca6de3 alignfull uagb-is-root-container\"><div class=\"uagb-container-inner-blocks-wrap\">\n<div class=\"wp-block-uagb-advanced-heading uagb-block-323a71a7\"><h1 class=\"uagb-heading-text\"><strong>Des programmes de paiements sp\u00e9cialis\u00e9s pour le secteur priv\u00e9 et l&rsquo;environnement corporate<\/strong><\/h1><\/div>\n\n\n\n<div class=\"wp-block-uagb-advanced-heading uagb-block-9536f85c\"><h5 class=\"uagb-heading-text\">Une solution adapt\u00e9e \u00e0 votre activit\u00e9<\/h5><\/div>\n<\/div><\/div>\n\n\n\n<div class=\"wp-block-uagb-container uagb-block-b21719b8 alignfull uagb-is-root-container\"><div class=\"uagb-container-inner-blocks-wrap\">\n<div class=\"wp-block-uagb-container uagb-block-f57bef1c alignfull uagb-is-root-container\"><div class=\"uagb-container-inner-blocks-wrap\">\n<div class=\"wp-block-uagb-container uagb-block-ac6ef613\">\n<figure class=\"wp-block-image alignright size-full\"><img loading=\"lazy\" decoding=\"async\" width=\"1259\" height=\"1069\" src=\"https:\/\/epayspace.com\/wp-content\/uploads\/2023\/12\/EPS-Business.webp\" alt=\"Solution EPS Business\" class=\"wp-image-1942\" title=\"EPS Business\" srcset=\"https:\/\/epayspace.com\/wp-content\/uploads\/2023\/12\/EPS-Business.webp 1259w, https:\/\/epayspace.com\/wp-content\/uploads\/2023\/12\/EPS-Business-300x255.webp 300w, https:\/\/epayspace.com\/wp-content\/uploads\/2023\/12\/EPS-Business-1024x869.webp 1024w, https:\/\/epayspace.com\/wp-content\/uploads\/2023\/12\/EPS-Business-768x652.webp 768w\" sizes=\"auto, (max-width: 1259px) 100vw, 1259px\" \/><\/figure>\n<\/div>\n\n\n\n<div class=\"wp-block-uagb-container uagb-block-34244bc9\">\n<div class=\"wp-block-uagb-advanced-heading uagb-block-ce777dc0\"><h2 class=\"uagb-heading-text\">Cartes rechargeables et e-wallets&nbsp;pour les entreprises<\/h2><\/div>\n\n\n\n<div class=\"wp-block-uagb-advanced-heading uagb-block-e5bb625d\"><h5 class=\"uagb-heading-text\">Quelque soit leur taille, leur secteur d\u2019activit\u00e9 ou leur statut, les entreprises et entrepreneurs trouveront chez E-Pay Space des solutions de paiement intelligentes, s\u00e9curis\u00e9es et int\u00e9gr\u00e9es pour g\u00e9rer leurs d\u00e9penses professionnelles mais aussi r\u00e9pondre \u00e0 toutes leurs probl\u00e9matiques de paiement.<\/h5><\/div>\n\n\n\n<div class=\"wp-block-uagb-buttons uagb-buttons__outer-wrap uagb-btn__default-btn uagb-btn-tablet__default-btn uagb-btn-mobile__default-btn uagb-block-cb07856c\"><div class=\"uagb-buttons__wrap uagb-buttons-layout-wrap\">\n<div class=\"wp-block-uagb-buttons-child uagb-buttons__outer-wrap uagb-block-fe7f7af7 wp-block-button\"><div class=\"uagb-button__wrapper\"><a class=\"uagb-buttons-repeater wp-block-button__link\" href=\"https:\/\/epayspace.com\/fr\/contact\/\" onclick=\"return true;\" rel=\"follow noopener\" target=\"_self\"><div class=\"uagb-button__link\">Contactez-nous<\/div><\/a><\/div><\/div>\n<\/div><\/div>\n<\/div>\n<\/div><\/div>\n<\/div><\/div>\n\n\n\n<div class=\"wp-block-uagb-container uagb-block-d639cf0c alignfull uagb-is-root-container\"><div class=\"uagb-container-inner-blocks-wrap\">\n<div class=\"wp-block-uagb-advanced-heading uagb-block-9237c667\"><h2 class=\"uagb-heading-text\">Programmes de paiement&nbsp;pour les TPE, PME et grands groupes<\/h2><\/div>\n\n\n\n<div class=\"wp-block-uagb-container uagb-block-2afb52e3 alignfull uagb-is-root-container\"><div class=\"uagb-container-inner-blocks-wrap\">\n<div class=\"wp-block-uagb-container uagb-block-81acf002\">\n<figure class=\"wp-block-image aligncenter size-thumbnail is-resized\"><img loading=\"lazy\" decoding=\"async\" width=\"150\" height=\"150\" src=\"https:\/\/epayspace.com\/wp-content\/uploads\/2023\/12\/application-150x150.webp\" alt=\"Une interface adapt\u00e9e \u00e0 vos usages\" class=\"wp-image-1835\" style=\"width:60px;height:auto\" title=\"Interface\" srcset=\"https:\/\/epayspace.com\/wp-content\/uploads\/2023\/12\/application-150x150.webp 150w, https:\/\/epayspace.com\/wp-content\/uploads\/2023\/12\/application.webp 256w\" sizes=\"auto, (max-width: 150px) 100vw, 150px\" \/><\/figure>\n\n\n\n<div class=\"wp-block-uagb-advanced-heading uagb-block-388dfb91\"><h5 class=\"uagb-heading-text\">Digitalisation des processus (carte, e-wallet, paiement mobile)<\/h5><\/div>\n<\/div>\n\n\n\n<div class=\"wp-block-uagb-container uagb-block-b794f36b\">\n<figure class=\"wp-block-image aligncenter size-thumbnail is-resized\"><img loading=\"lazy\" decoding=\"async\" width=\"150\" height=\"150\" src=\"https:\/\/epayspace.com\/wp-content\/uploads\/2023\/12\/compliant-150x150.webp\" alt=\"RGPD\" class=\"wp-image-1929\" style=\"width:60px\" title=\"L\u00e9gal\" srcset=\"https:\/\/epayspace.com\/wp-content\/uploads\/2023\/12\/compliant-150x150.webp 150w, https:\/\/epayspace.com\/wp-content\/uploads\/2023\/12\/compliant.webp 256w\" sizes=\"auto, (max-width: 150px) 100vw, 150px\" \/><\/figure>\n\n\n\n<div class=\"wp-block-uagb-advanced-heading uagb-block-add05c8e\"><h5 class=\"uagb-heading-text\">Parfaite tra\u00e7abilit\u00e9 des versements et des paiements<\/h5><\/div>\n<\/div>\n\n\n\n<div class=\"wp-block-uagb-container uagb-block-6090da74\">\n<figure class=\"wp-block-image aligncenter size-thumbnail is-resized\"><img loading=\"lazy\" decoding=\"async\" width=\"150\" height=\"150\" src=\"https:\/\/epayspace.com\/wp-content\/uploads\/2023\/12\/profits-_1_-150x150.webp\" alt=\"Contr\u00f4le sur les co\u00fbts\" class=\"wp-image-1924\" style=\"width:60px\" title=\"Optimisation\" srcset=\"https:\/\/epayspace.com\/wp-content\/uploads\/2023\/12\/profits-_1_-150x150.webp 150w, https:\/\/epayspace.com\/wp-content\/uploads\/2023\/12\/profits-_1_.webp 256w\" sizes=\"auto, (max-width: 150px) 100vw, 150px\" \/><\/figure>\n\n\n\n<div class=\"wp-block-uagb-advanced-heading uagb-block-87f5d50b\"><h5 class=\"uagb-heading-text\">Optimisation des co\u00fbts et pr\u00e9visibilit\u00e9 des d\u00e9penses<\/h5><\/div>\n<\/div>\n<\/div><\/div>\n\n\n\n<div class=\"wp-block-uagb-container uagb-block-cb978bb6 alignfull uagb-is-root-container\"><div class=\"uagb-container-inner-blocks-wrap\">\n<div class=\"wp-block-uagb-container uagb-block-b957840f\">\n<figure class=\"wp-block-image aligncenter size-full is-resized\"><img loading=\"lazy\" decoding=\"async\" width=\"256\" height=\"256\" src=\"https:\/\/epayspace.com\/wp-content\/uploads\/2023\/12\/coding.webp\" alt=\"Une solution sur-mesure adapt\u00e9e \u00e0 vos besoins\" class=\"wp-image-1833\" style=\"width:60px\" title=\"Sur-mesure\" srcset=\"https:\/\/epayspace.com\/wp-content\/uploads\/2023\/12\/coding.webp 256w, https:\/\/epayspace.com\/wp-content\/uploads\/2023\/12\/coding-150x150.webp 150w\" sizes=\"auto, (max-width: 256px) 100vw, 256px\" \/><\/figure>\n\n\n\n<div class=\"wp-block-uagb-advanced-heading uagb-block-8513227c\"><h5 class=\"uagb-heading-text\">Int\u00e9gration compl\u00e8te \u00e0 vos outils internes (comptabilit\u00e9, CRM, intranet)<\/h5><\/div>\n<\/div>\n\n\n\n<div class=\"wp-block-uagb-container uagb-block-cac8198e\">\n<figure class=\"wp-block-image aligncenter size-full is-resized\"><img loading=\"lazy\" decoding=\"async\" width=\"256\" height=\"256\" src=\"https:\/\/epayspace.com\/wp-content\/uploads\/2023\/12\/france.webp\" alt=\"Les infrastructures EPS sont bas\u00e9es en France\" class=\"wp-image-1807\" style=\"width:60px\" title=\"France\" srcset=\"https:\/\/epayspace.com\/wp-content\/uploads\/2023\/12\/france.webp 256w, https:\/\/epayspace.com\/wp-content\/uploads\/2023\/12\/france-150x150.webp 150w\" sizes=\"auto, (max-width: 256px) 100vw, 256px\" \/><\/figure>\n\n\n\n<div class=\"wp-block-uagb-advanced-heading uagb-block-b0a61342\"><h5 class=\"uagb-heading-text\">H\u00e9bergement des donn\u00e9es en France<\/h5><\/div>\n<\/div>\n\n\n\n<div class=\"wp-block-uagb-container uagb-block-3fadc1f4\">\n<figure class=\"wp-block-image aligncenter size-full is-resized\"><img loading=\"lazy\" decoding=\"async\" width=\"256\" height=\"256\" src=\"https:\/\/epayspace.com\/wp-content\/uploads\/2023\/12\/project-_1_.webp\" alt=\"Un accompagnement tout au long du projet\" class=\"wp-image-1838\" style=\"width:60px\" title=\"Projet\" srcset=\"https:\/\/epayspace.com\/wp-content\/uploads\/2023\/12\/project-_1_.webp 256w, https:\/\/epayspace.com\/wp-content\/uploads\/2023\/12\/project-_1_-150x150.webp 150w\" sizes=\"auto, (max-width: 256px) 100vw, 256px\" \/><\/figure>\n\n\n\n<div class=\"wp-block-uagb-advanced-heading uagb-block-de493546\"><h5 class=\"uagb-heading-text\">Param\u00e9trages personnalis\u00e9s des canaux, limites et plafonds<\/h5><\/div>\n<\/div>\n<\/div><\/div>\n<\/div><\/div>\n\n\n\n<div class=\"wp-block-uagb-container uagb-block-867095f5 alignfull uagb-is-root-container\"><div class=\"uagb-container-inner-blocks-wrap\">\n<div class=\"wp-block-uagb-container uagb-block-14457770\">\n<div class=\"wp-block-uagb-advanced-heading uagb-block-24a035f3\"><h5 class=\"uagb-heading-text\">Vous souhaitez d\u00e9couvrir nos solutions ?<\/h5><\/div>\n\n\n\n<div class=\"wp-block-uagb-advanced-heading uagb-block-a2b785d1\"><h5 class=\"uagb-heading-text\">Sur-mesure ou cl\u00e9-en-main, nous avons la solution qu\u2019il vous faut !<\/h5><\/div>\n\n\n\n<div class=\"wp-block-uagb-buttons uagb-buttons__outer-wrap uagb-btn__default-btn uagb-btn-tablet__default-btn uagb-btn-mobile__default-btn uagb-block-709f2b88\"><div class=\"uagb-buttons__wrap uagb-buttons-layout-wrap\">\n<div class=\"wp-block-uagb-buttons-child uagb-buttons__outer-wrap uagb-block-e95d6079 wp-block-button\"><div class=\"uagb-button__wrapper\"><a class=\"uagb-buttons-repeater wp-block-button__link\" href=\"https:\/\/epayspace.com\/fr\/solutions\/\" onclick=\"return true;\" rel=\"follow noopener\" target=\"_self\"><div class=\"uagb-button__link\">D\u00e9couvrez E-Pay Space<\/div><\/a><\/div><\/div>\n<\/div><\/div>\n<\/div>\n\n\n\n<div class=\"wp-block-uagb-container uagb-block-e06c343e\">\n<figure class=\"wp-block-image aligncenter size-full is-resized\"><img loading=\"lazy\" decoding=\"async\" width=\"420\" height=\"420\" src=\"https:\/\/epayspace.com\/wp-content\/uploads\/2023\/12\/Open-Banking-1.webp\" alt=\"Open Banking\" class=\"wp-image-2303\" style=\"width:223px;height:auto\" title=\"Banking as a Service\" srcset=\"https:\/\/epayspace.com\/wp-content\/uploads\/2023\/12\/Open-Banking-1.webp 420w, https:\/\/epayspace.com\/wp-content\/uploads\/2023\/12\/Open-Banking-1-300x300.webp 300w, https:\/\/epayspace.com\/wp-content\/uploads\/2023\/12\/Open-Banking-1-150x150.webp 150w\" sizes=\"auto, (max-width: 420px) 100vw, 420px\" \/><\/figure>\n<\/div>\n<\/div><\/div>\n","protected":false},"excerpt":{"rendered":"<p>Des programmes de paiements sp\u00e9cialis\u00e9s pour le secteur priv\u00e9 et l&rsquo;environnement corporate Une solution adapt\u00e9e \u00e0 votre activit\u00e9 Cartes rechargeables et e-wallets&nbsp;pour les entreprises Quelque soit leur taille, leur secteur d\u2019activit\u00e9 ou leur statut, les entreprises et entrepreneurs trouveront chez E-Pay Space des solutions de paiement intelligentes, s\u00e9curis\u00e9es et int\u00e9gr\u00e9es pour g\u00e9rer leurs d\u00e9penses professionnelles [&hellip;]<\/p>\n","protected":false},"author":4,"featured_media":0,"parent":2271,"menu_order":0,"comment_status":"closed","ping_status":"closed","template":"","meta":{"content-type":"","_uag_custom_page_level_css":"","site-sidebar-layout":"default","site-content-layout":"","ast-site-content-layout":"default","site-content-style":"unboxed","site-sidebar-style":"default","ast-global-header-display":"","ast-banner-title-visibility":"","ast-main-header-display":"","ast-hfb-above-header-display":"","ast-hfb-below-header-display":"","ast-hfb-mobile-header-display":"","site-post-title":"disabled","ast-breadcrumbs-content":"","ast-featured-img":"","footer-sml-layout":"","ast-disable-related-posts":"","theme-transparent-header-meta":"","adv-header-id-meta":"","stick-header-meta":"","header-above-stick-meta":"","header-main-stick-meta":"","header-below-stick-meta":"","astra-migrate-meta-layouts":"set","ast-page-background-enabled":"default","ast-page-background-meta":{"desktop":{"background-color":"","background-image":"","background-repeat":"repeat","background-position":"center center","background-size":"auto","background-attachment":"scroll","background-type":"","background-media":"","overlay-type":"","overlay-color":"","overlay-opacity":"","overlay-gradient":""},"tablet":{"background-color":"","background-image":"","background-repeat":"repeat","background-position":"center center","background-size":"auto","background-attachment":"scroll","background-type":"","background-media":"","overlay-type":"","overlay-color":"","overlay-opacity":"","overlay-gradient":""},"mobile":{"background-color":"","background-image":"","background-repeat":"repeat","background-position":"center center","background-size":"auto","background-attachment":"scroll","background-type":"","background-media":"","overlay-type":"","overlay-color":"","overlay-opacity":"","overlay-gradient":""}},"ast-content-background-meta":{"desktop":{"background-color":"var(--ast-global-color-5)","background-image":"","background-repeat":"repeat","background-position":"center center","background-size":"auto","background-attachment":"scroll","background-type":"","background-media":"","overlay-type":"","overlay-color":"","overlay-opacity":"","overlay-gradient":""},"tablet":{"background-color":"var(--ast-global-color-5)","background-image":"","background-repeat":"repeat","background-position":"center center","background-size":"auto","background-attachment":"scroll","background-type":"","background-media":"","overlay-type":"","overlay-color":"","overlay-opacity":"","overlay-gradient":""},"mobile":{"background-color":"var(--ast-global-color-5)","background-image":"","background-repeat":"repeat","background-position":"center center","background-size":"auto","background-attachment":"scroll","background-type":"","background-media":"","overlay-type":"","overlay-color":"","overlay-opacity":"","overlay-gradient":""}},"footnotes":""},"class_list":["post-2454","page","type-page","status-publish","hentry"],"yoast_head":"<!-- This site is optimized with the Yoast SEO plugin v27.1.1 - https:\/\/yoast.com\/product\/yoast-seo-wordpress\/ -->\n<title>Des programmes de paiements pour le secteur priv\u00e9 et corporate - E-pay Space, Cr\u00e9ateur de solutions de paiement<\/title>\n<meta name=\"description\" content=\"D\u00e9couvrez une solution qui rationalisent les processus internes (notes de frais, voyages d&#039;affaires...) et diversifient vos services.\" \/>\n<meta name=\"robots\" content=\"index, follow, max-snippet:-1, max-image-preview:large, max-video-preview:-1\" \/>\n<link rel=\"canonical\" href=\"https:\/\/epayspace.com\/fr\/industries\/corporate\/\" \/>\n<meta property=\"og:locale\" content=\"fr_FR\" \/>\n<meta property=\"og:type\" content=\"article\" \/>\n<meta property=\"og:title\" content=\"Des programmes de paiements pour le secteur priv\u00e9 et corporate - E-pay Space, Cr\u00e9ateur de solutions de paiement\" \/>\n<meta property=\"og:description\" content=\"D\u00e9couvrez une solution qui rationalisent les processus internes (notes de frais, voyages d&#039;affaires...) et diversifient vos services.\" \/>\n<meta property=\"og:url\" content=\"https:\/\/epayspace.com\/fr\/industries\/corporate\/\" \/>\n<meta property=\"og:site_name\" content=\"E-pay Space, Cr\u00e9ateur de solutions de paiement\" \/>\n<meta property=\"article:modified_time\" content=\"2024-03-21T16:53:43+00:00\" \/>\n<meta property=\"og:image\" content=\"https:\/\/epayspace.com\/wp-content\/uploads\/2023\/12\/EPS-Business.webp\" \/>\n<meta name=\"twitter:card\" content=\"summary_large_image\" \/>\n<meta name=\"twitter:label1\" content=\"Dur\u00e9e de lecture estim\u00e9e\" \/>\n\t<meta name=\"twitter:data1\" content=\"3 minutes\" \/>\n<script type=\"application\/ld+json\" class=\"yoast-schema-graph\">{\"@context\":\"https:\/\/schema.org\",\"@graph\":[{\"@type\":\"WebPage\",\"@id\":\"https:\/\/epayspace.com\/fr\/industries\/corporate\/\",\"url\":\"https:\/\/epayspace.com\/fr\/industries\/corporate\/\",\"name\":\"Des programmes de paiements pour le secteur priv\u00e9 et corporate - E-pay Space, Cr\u00e9ateur de solutions de paiement\",\"isPartOf\":{\"@id\":\"https:\/\/epayspace.com\/fr\/#website\"},\"primaryImageOfPage\":{\"@id\":\"https:\/\/epayspace.com\/fr\/industries\/corporate\/#primaryimage\"},\"image\":{\"@id\":\"https:\/\/epayspace.com\/fr\/industries\/corporate\/#primaryimage\"},\"thumbnailUrl\":\"https:\/\/epayspace.com\/wp-content\/uploads\/2023\/12\/EPS-Business.webp\",\"datePublished\":\"2024-01-16T13:24:43+00:00\",\"dateModified\":\"2024-03-21T16:53:43+00:00\",\"description\":\"D\u00e9couvrez une solution qui rationalisent les processus internes (notes de frais, voyages d'affaires...) et diversifient vos services.\",\"breadcrumb\":{\"@id\":\"https:\/\/epayspace.com\/fr\/industries\/corporate\/#breadcrumb\"},\"inLanguage\":\"fr-FR\",\"potentialAction\":[{\"@type\":\"ReadAction\",\"target\":[\"https:\/\/epayspace.com\/fr\/industries\/corporate\/\"]}]},{\"@type\":\"ImageObject\",\"inLanguage\":\"fr-FR\",\"@id\":\"https:\/\/epayspace.com\/fr\/industries\/corporate\/#primaryimage\",\"url\":\"https:\/\/epayspace.com\/wp-content\/uploads\/2023\/12\/EPS-Business.webp\",\"contentUrl\":\"https:\/\/epayspace.com\/wp-content\/uploads\/2023\/12\/EPS-Business.webp\"},{\"@type\":\"BreadcrumbList\",\"@id\":\"https:\/\/epayspace.com\/fr\/industries\/corporate\/#breadcrumb\",\"itemListElement\":[{\"@type\":\"ListItem\",\"position\":1,\"name\":\"Accueil\",\"item\":\"https:\/\/epayspace.com\/fr\/\"},{\"@type\":\"ListItem\",\"position\":2,\"name\":\"Industries\",\"item\":\"https:\/\/epayspace.com\/fr\/industries\/\"},{\"@type\":\"ListItem\",\"position\":3,\"name\":\"Secteur priv\u00e9 et environnement corporate\"}]},{\"@type\":\"WebSite\",\"@id\":\"https:\/\/epayspace.com\/fr\/#website\",\"url\":\"https:\/\/epayspace.com\/fr\/\",\"name\":\"E-pay Space, Cr\u00e9ateur de solutions de paiement\",\"description\":\"FinTech 100% fran\u00e7aise\",\"publisher\":{\"@id\":\"https:\/\/epayspace.com\/fr\/#organization\"},\"potentialAction\":[{\"@type\":\"SearchAction\",\"target\":{\"@type\":\"EntryPoint\",\"urlTemplate\":\"https:\/\/epayspace.com\/fr\/?s={search_term_string}\"},\"query-input\":{\"@type\":\"PropertyValueSpecification\",\"valueRequired\":true,\"valueName\":\"search_term_string\"}}],\"inLanguage\":\"fr-FR\"},{\"@type\":\"Organization\",\"@id\":\"https:\/\/epayspace.com\/fr\/#organization\",\"name\":\"E-pay Space\",\"url\":\"https:\/\/epayspace.com\/fr\/\",\"logo\":{\"@type\":\"ImageObject\",\"inLanguage\":\"fr-FR\",\"@id\":\"https:\/\/epayspace.com\/fr\/#\/schema\/logo\/image\/\",\"url\":\"https:\/\/epayspace.com\/wp-content\/uploads\/2024\/01\/Logo-1.png\",\"contentUrl\":\"https:\/\/epayspace.com\/wp-content\/uploads\/2024\/01\/Logo-1.png\",\"width\":480,\"height\":240,\"caption\":\"E-pay Space\"},\"image\":{\"@id\":\"https:\/\/epayspace.com\/fr\/#\/schema\/logo\/image\/\"},\"sameAs\":[\"https:\/\/www.linkedin.com\/company\/epayspace\/\"]}]}<\/script>\n<!-- \/ Yoast SEO plugin. -->","yoast_head_json":{"title":"Des programmes de paiements pour le secteur priv\u00e9 et corporate - E-pay Space, Cr\u00e9ateur de solutions de paiement","description":"D\u00e9couvrez une solution qui rationalisent les processus internes (notes de frais, voyages d'affaires...) et diversifient vos services.","robots":{"index":"index","follow":"follow","max-snippet":"max-snippet:-1","max-image-preview":"max-image-preview:large","max-video-preview":"max-video-preview:-1"},"canonical":"https:\/\/epayspace.com\/fr\/industries\/corporate\/","og_locale":"fr_FR","og_type":"article","og_title":"Des programmes de paiements pour le secteur priv\u00e9 et corporate - E-pay Space, Cr\u00e9ateur de solutions de paiement","og_description":"D\u00e9couvrez une solution qui rationalisent les processus internes (notes de frais, voyages d'affaires...) et diversifient vos services.","og_url":"https:\/\/epayspace.com\/fr\/industries\/corporate\/","og_site_name":"E-pay Space, Cr\u00e9ateur de solutions de paiement","article_modified_time":"2024-03-21T16:53:43+00:00","og_image":[{"url":"https:\/\/epayspace.com\/wp-content\/uploads\/2023\/12\/EPS-Business.webp","type":"","width":"","height":""}],"twitter_card":"summary_large_image","twitter_misc":{"Dur\u00e9e de lecture estim\u00e9e":"3 minutes"},"schema":{"@context":"https:\/\/schema.org","@graph":[{"@type":"WebPage","@id":"https:\/\/epayspace.com\/fr\/industries\/corporate\/","url":"https:\/\/epayspace.com\/fr\/industries\/corporate\/","name":"Des programmes de paiements pour le secteur priv\u00e9 et corporate - E-pay Space, Cr\u00e9ateur de solutions de paiement","isPartOf":{"@id":"https:\/\/epayspace.com\/fr\/#website"},"primaryImageOfPage":{"@id":"https:\/\/epayspace.com\/fr\/industries\/corporate\/#primaryimage"},"image":{"@id":"https:\/\/epayspace.com\/fr\/industries\/corporate\/#primaryimage"},"thumbnailUrl":"https:\/\/epayspace.com\/wp-content\/uploads\/2023\/12\/EPS-Business.webp","datePublished":"2024-01-16T13:24:43+00:00","dateModified":"2024-03-21T16:53:43+00:00","description":"D\u00e9couvrez une solution qui rationalisent les processus internes (notes de frais, voyages d'affaires...) et diversifient vos services.","breadcrumb":{"@id":"https:\/\/epayspace.com\/fr\/industries\/corporate\/#breadcrumb"},"inLanguage":"fr-FR","potentialAction":[{"@type":"ReadAction","target":["https:\/\/epayspace.com\/fr\/industries\/corporate\/"]}]},{"@type":"ImageObject","inLanguage":"fr-FR","@id":"https:\/\/epayspace.com\/fr\/industries\/corporate\/#primaryimage","url":"https:\/\/epayspace.com\/wp-content\/uploads\/2023\/12\/EPS-Business.webp","contentUrl":"https:\/\/epayspace.com\/wp-content\/uploads\/2023\/12\/EPS-Business.webp"},{"@type":"BreadcrumbList","@id":"https:\/\/epayspace.com\/fr\/industries\/corporate\/#breadcrumb","itemListElement":[{"@type":"ListItem","position":1,"name":"Accueil","item":"https:\/\/epayspace.com\/fr\/"},{"@type":"ListItem","position":2,"name":"Industries","item":"https:\/\/epayspace.com\/fr\/industries\/"},{"@type":"ListItem","position":3,"name":"Secteur priv\u00e9 et environnement corporate"}]},{"@type":"WebSite","@id":"https:\/\/epayspace.com\/fr\/#website","url":"https:\/\/epayspace.com\/fr\/","name":"E-pay Space, Cr\u00e9ateur de solutions de paiement","description":"FinTech 100% fran\u00e7aise","publisher":{"@id":"https:\/\/epayspace.com\/fr\/#organization"},"potentialAction":[{"@type":"SearchAction","target":{"@type":"EntryPoint","urlTemplate":"https:\/\/epayspace.com\/fr\/?s={search_term_string}"},"query-input":{"@type":"PropertyValueSpecification","valueRequired":true,"valueName":"search_term_string"}}],"inLanguage":"fr-FR"},{"@type":"Organization","@id":"https:\/\/epayspace.com\/fr\/#organization","name":"E-pay Space","url":"https:\/\/epayspace.com\/fr\/","logo":{"@type":"ImageObject","inLanguage":"fr-FR","@id":"https:\/\/epayspace.com\/fr\/#\/schema\/logo\/image\/","url":"https:\/\/epayspace.com\/wp-content\/uploads\/2024\/01\/Logo-1.png","contentUrl":"https:\/\/epayspace.com\/wp-content\/uploads\/2024\/01\/Logo-1.png","width":480,"height":240,"caption":"E-pay Space"},"image":{"@id":"https:\/\/epayspace.com\/fr\/#\/schema\/logo\/image\/"},"sameAs":["https:\/\/www.linkedin.com\/company\/epayspace\/"]}]}},"spectra_custom_meta":{"_edit_lock":["1711040026:4"],"content-type":[""],"_uag_custom_page_level_css":[""],"ast-site-content-layout":["default"],"site-content-style":["unboxed"],"theme-transparent-header-meta":[""],"adv-header-id-meta":[""],"stick-header-meta":[""],"astra-migrate-meta-layouts":["set"],"footnotes":[""],"_edit_last":["4"],"_yoast_wpseo_metadesc":["D\u00e9couvrez une solution qui rationalisent les processus internes (notes de frais, voyages d'affaires...) et diversifient vos services."],"_yoast_wpseo_content_score":["90"],"_yoast_wpseo_estimated-reading-time-minutes":["3"],"_yoast_wpseo_wordproof_timestamp":[""],"site-post-title":["disabled"],"_wpml_word_count":["{\"total\":234,\"to_translate\":{\"en\":40}}"],"_wpml_location_migration_done":["1"],"_wpml_media_duplicate":["1"],"_wpml_media_featured":["1"],"_yoast_wpseo_focuskw":["programmes de paiements secteur priv\u00e9"],"_yoast_wpseo_title":["Des programmes de paiements pour le secteur priv\u00e9 et corporate - %%sitename%%"],"_yoast_wpseo_linkdex":["48"],"_uag_css_file_name":["uag-css-2454.css"],"_uag_js_file_name":["uag-js-2454.js"]},"uagb_featured_image_src":{"full":false,"thumbnail":false,"medium":false,"medium_large":false,"large":false,"1536x1536":false,"2048x2048":false},"uagb_author_info":{"display_name":"Alexandre Baranger","author_link":"https:\/\/epayspace.com\/fr\/author\/a-baranger\/"},"uagb_comment_info":0,"uagb_excerpt":"Des programmes de paiements sp\u00e9cialis\u00e9s pour le secteur priv\u00e9 et l&rsquo;environnement corporate Une solution adapt\u00e9e \u00e0 votre activit\u00e9 Cartes rechargeables et e-wallets&nbsp;pour les entreprises Quelque soit leur taille, leur secteur d\u2019activit\u00e9 ou leur statut, les entreprises et entrepreneurs trouveront chez E-Pay Space des solutions de paiement intelligentes, s\u00e9curis\u00e9es et int\u00e9gr\u00e9es pour g\u00e9rer leurs d\u00e9penses professionnelles\u2026","_links":{"self":[{"href":"https:\/\/epayspace.com\/fr\/wp-json\/wp\/v2\/pages\/2454","targetHints":{"allow":["GET"]}}],"collection":[{"href":"https:\/\/epayspace.com\/fr\/wp-json\/wp\/v2\/pages"}],"about":[{"href":"https:\/\/epayspace.com\/fr\/wp-json\/wp\/v2\/types\/page"}],"author":[{"embeddable":true,"href":"https:\/\/epayspace.com\/fr\/wp-json\/wp\/v2\/users\/4"}],"replies":[{"embeddable":true,"href":"https:\/\/epayspace.com\/fr\/wp-json\/wp\/v2\/comments?post=2454"}],"version-history":[{"count":10,"href":"https:\/\/epayspace.com\/fr\/wp-json\/wp\/v2\/pages\/2454\/revisions"}],"predecessor-version":[{"id":4525,"href":"https:\/\/epayspace.com\/fr\/wp-json\/wp\/v2\/pages\/2454\/revisions\/4525"}],"up":[{"embeddable":true,"href":"https:\/\/epayspace.com\/fr\/wp-json\/wp\/v2\/pages\/2271"}],"wp:attachment":[{"href":"https:\/\/epayspace.com\/fr\/wp-json\/wp\/v2\/media?parent=2454"}],"curies":[{"name":"wp","href":"https:\/\/api.w.org\/{rel}","templated":true}]}}